{"id":1001,"date":"2025-07-19T11:59:48","date_gmt":"2025-07-19T11:59:48","guid":{"rendered":"https:\/\/koulhouse.com\/?post_type=product&#038;p=1001"},"modified":"2026-04-24T11:06:03","modified_gmt":"2026-04-24T11:06:03","slug":"pack-kaddid","status":"publish","type":"product","link":"https:\/\/koulhouse.com\/de\/product\/pack-kaddid\/","title":{"rendered":"Pack KADDID"},"content":{"rendered":"<p>\ud83e\udd69800g Habra Kaddid<br \/>\n\ud83e\udd69800g Karkouch<br \/>\n\ud83e\udd69800g Merguez<\/p>","protected":false},"excerpt":{"rendered":"<div class=\"xdj266r x14z9mp xat24cr x1lziwak x1vvkbs x126k92a\">D\u00e9couvrez notre nouveau Pack Kaddid, une formule unique pour savourer le go\u00fbt de votre enfance \u2728\ufe0f<\/div>\n<div class=\"xdj266r x14z9mp xat24cr x1lziwak x1vvkbs x126k92a\">Un Pack qui contient 3 plats :<\/div>\n<div class=\"xdj266r x14z9mp xat24cr x1lziwak x1vvkbs x126k92a\">\u2714\ufe0f 1klg Karkouch : Le classique des tables tunisiennes<\/div>\n<div class=\"xdj266r x14z9mp xat24cr x1lziwak x1vvkbs x126k92a\">\u2714\ufe0f 1klg Kaddid : Un v\u00e9ritable tr\u00e9sor de saveurs traditionnelles<\/div>\n<div class=\"xdj266r x14z9mp xat24cr x1lziwak x1vvkbs x126k92a\">\u2714\ufe0f 1klg Merguez : Un vrai r\u00e9gal pour les amateurs de go\u00fbts relev\u00e9s.<\/div>\n<div class=\"x14z9mp xat24cr x1lziwak x1vvkbs xtlvy1s x126k92a\">\ud83d\udc49 Le pack est \u00e0 47,99\u20ac au lieu 58 \u20ac<\/div>\n<div class=\"x14z9mp xat24cr x1lziwak x1vvkbs xtlvy1s x126k92a\">\ud83d\udce6 Nous assurons la livraison rapide vers la France et l\u2019Allemagne \ud83c\udde8\ud83c\uddf5\ud83c\udde9\ud83c\uddea<\/div>","protected":false},"featured_media":1007,"comment_status":"open","ping_status":"closed","template":"","meta":{"site-sidebar-layout":"default","site-content-layout":"","ast-site-content-layout":"default","site-content-style":"default","site-sidebar-style":"default","ast-global-header-display":"","ast-banner-title-visibility":"","ast-main-header-display":"","ast-hfb-above-header-display":"","ast-hfb-below-header-display":"","ast-hfb-mobile-header-display":"","site-post-title":"","ast-breadcrumbs-content":"","ast-featured-img":"","footer-sml-layout":"","ast-disable-related-posts":"","theme-transparent-header-meta":"default","adv-header-id-meta":"","stick-header-meta":"","header-above-stick-meta":"","header-main-stick-meta":"","header-below-stick-meta":"","astra-migrate-meta-layouts":"set","ast-page-background-enabled":"default","ast-page-background-meta":{"desktop":{"background-color":"var(--ast-global-color-4)","background-image":"","background-repeat":"repeat","background-position":"center center","background-size":"auto","background-attachment":"scroll","background-type":"","background-media":"","overlay-type":"","overlay-color":"","overlay-opacity":"","overlay-gradient":""},"tablet":{"background-color":"","background-image":"","background-repeat":"repeat","background-position":"center center","background-size":"auto","background-attachment":"scroll","background-type":"","background-media":"","overlay-type":"","overlay-color":"","overlay-opacity":"","overlay-gradient":""},"mobile":{"background-color":"","background-image":"","background-repeat":"repeat","background-position":"center center","background-size":"auto","background-attachment":"scroll","background-type":"","background-media":"","overlay-type":"","overlay-color":"","overlay-opacity":"","overlay-gradient":""}},"ast-content-background-meta":{"desktop":{"background-color":"var(--ast-global-color-5)","background-image":"","background-repeat":"repeat","background-position":"center center","background-size":"auto","background-attachment":"scroll","background-type":"","background-media":"","overlay-type":"","overlay-color":"","overlay-opacity":"","overlay-gradient":""},"tablet":{"background-color":"var(--ast-global-color-5)","background-image":"","background-repeat":"repeat","background-position":"center center","background-size":"auto","background-attachment":"scroll","background-type":"","background-media":"","overlay-type":"","overlay-color":"","overlay-opacity":"","overlay-gradient":""},"mobile":{"background-color":"var(--ast-global-color-5)","background-image":"","background-repeat":"repeat","background-position":"center center","background-size":"auto","background-attachment":"scroll","background-type":"","background-media":"","overlay-type":"","overlay-color":"","overlay-opacity":"","overlay-gradient":""}}},"product_brand":[],"product_cat":[25],"product_tag":[],"class_list":{"0":"post-1001","1":"product","2":"type-product","3":"status-publish","4":"has-post-thumbnail","6":"product_cat-packs","7":"desktop-align-left","8":"tablet-align-left","9":"mobile-align-left","11":"first","12":"instock","13":"taxable","14":"shipping-taxable","15":"purchasable","16":"product-type-woosb"},"yoast_head":"<!-- This site is optimized with the Yoast SEO plugin v25.4 - https:\/\/yoast.com\/wordpress\/plugins\/seo\/ -->\n<title>Pack KADDID - koulhouse.com<\/title>\n<meta name=\"robots\" content=\"index, follow, max-snippet:-1, max-image-preview:large, max-video-preview:-1\" \/>\n<link rel=\"canonical\" href=\"https:\/\/koulhouse.com\/de\/product\/pack-kaddid\/\" \/>\n<meta property=\"og:locale\" content=\"de_DE\" \/>\n<meta property=\"og:type\" content=\"article\" \/>\n<meta property=\"og:title\" content=\"Pack KADDID - koulhouse.com\" \/>\n<meta property=\"og:description\" content=\"D\u00e9couvrez notre nouveau Pack Kaddid, une formule unique pour savourer le go\u00fbt de votre enfance \u2728\ufe0f Un Pack qui contient 3 plats : \u2714\ufe0f 1klg Karkouch : Le classique des tables tunisiennes \u2714\ufe0f 1klg Kaddid : Un v\u00e9ritable tr\u00e9sor de saveurs traditionnelles \u2714\ufe0f 1klg Merguez : Un vrai r\u00e9gal pour les amateurs de go\u00fbts relev\u00e9s. \ud83d\udc49 Le pack est \u00e0 47,99\u20ac au lieu 58 \u20ac \ud83d\udce6 Nous assurons la livraison rapide vers la France et l\u2019Allemagne \ud83c\udde8\ud83c\uddf5\ud83c\udde9\ud83c\uddea\" \/>\n<meta property=\"og:url\" content=\"https:\/\/koulhouse.com\/de\/product\/pack-kaddid\/\" \/>\n<meta property=\"og:site_name\" content=\"koulhouse.com\" \/>\n<meta property=\"article:modified_time\" content=\"2026-04-24T11:06:03+00:00\" \/>\n<meta property=\"og:image\" content=\"https:\/\/koulhouse.com\/wp-content\/uploads\/2025\/07\/Pack_KADDID_700x700-removebg-preview.png\" \/>\n\t<meta property=\"og:image:width\" content=\"500\" \/>\n\t<meta property=\"og:image:height\" content=\"500\" \/>\n\t<meta property=\"og:image:type\" content=\"image\/png\" \/>\n<meta name=\"twitter:card\" content=\"summary_large_image\" \/>\n<meta name=\"twitter:label1\" content=\"Gesch\u00e4tzte Lesezeit\" \/>\n\t<meta name=\"twitter:data1\" content=\"1\u00a0Minute\" \/>\n<script type=\"application\/ld+json\" class=\"yoast-schema-graph\">{\"@context\":\"https:\/\/schema.org\",\"@graph\":[{\"@type\":\"WebPage\",\"@id\":\"https:\/\/koulhouse.com\/product\/pack-kaddid\/\",\"url\":\"https:\/\/koulhouse.com\/product\/pack-kaddid\/\",\"name\":\"Pack KADDID - koulhouse.com\",\"isPartOf\":{\"@id\":\"https:\/\/koulhouse.com\/#website\"},\"primaryImageOfPage\":{\"@id\":\"https:\/\/koulhouse.com\/product\/pack-kaddid\/#primaryimage\"},\"image\":{\"@id\":\"https:\/\/koulhouse.com\/product\/pack-kaddid\/#primaryimage\"},\"thumbnailUrl\":\"https:\/\/koulhouse.com\/wp-content\/uploads\/2025\/07\/Pack_KADDID_700x700-removebg-preview.png\",\"datePublished\":\"2025-07-19T11:59:48+00:00\",\"dateModified\":\"2026-04-24T11:06:03+00:00\",\"breadcrumb\":{\"@id\":\"https:\/\/koulhouse.com\/product\/pack-kaddid\/#breadcrumb\"},\"inLanguage\":\"de\",\"potentialAction\":[{\"@type\":\"ReadAction\",\"target\":[\"https:\/\/koulhouse.com\/product\/pack-kaddid\/\"]}]},{\"@type\":\"ImageObject\",\"inLanguage\":\"de\",\"@id\":\"https:\/\/koulhouse.com\/product\/pack-kaddid\/#primaryimage\",\"url\":\"https:\/\/koulhouse.com\/wp-content\/uploads\/2025\/07\/Pack_KADDID_700x700-removebg-preview.png\",\"contentUrl\":\"https:\/\/koulhouse.com\/wp-content\/uploads\/2025\/07\/Pack_KADDID_700x700-removebg-preview.png\",\"width\":500,\"height\":500},{\"@type\":\"BreadcrumbList\",\"@id\":\"https:\/\/koulhouse.com\/product\/pack-kaddid\/#breadcrumb\",\"itemListElement\":[{\"@type\":\"ListItem\",\"position\":1,\"name\":\"Accueil\",\"item\":\"https:\/\/koulhouse.com\/\"},{\"@type\":\"ListItem\",\"position\":2,\"name\":\"Shop\",\"item\":\"https:\/\/koulhouse.com\/shop\/\"},{\"@type\":\"ListItem\",\"position\":3,\"name\":\"Pack KADDID\"}]},{\"@type\":\"WebSite\",\"@id\":\"https:\/\/koulhouse.com\/#website\",\"url\":\"https:\/\/koulhouse.com\/\",\"name\":\"koulhouse.com\",\"description\":\"\",\"publisher\":{\"@id\":\"https:\/\/koulhouse.com\/#organization\"},\"potentialAction\":[{\"@type\":\"SearchAction\",\"target\":{\"@type\":\"EntryPoint\",\"urlTemplate\":\"https:\/\/koulhouse.com\/?s={search_term_string}\"},\"query-input\":{\"@type\":\"PropertyValueSpecification\",\"valueRequired\":true,\"valueName\":\"search_term_string\"}}],\"inLanguage\":\"de\"},{\"@type\":\"Organization\",\"@id\":\"https:\/\/koulhouse.com\/#organization\",\"name\":\"koulhouse.com\",\"url\":\"https:\/\/koulhouse.com\/\",\"logo\":{\"@type\":\"ImageObject\",\"inLanguage\":\"de\",\"@id\":\"https:\/\/koulhouse.com\/#\/schema\/logo\/image\/\",\"url\":\"https:\/\/koulhouse.com\/wp-content\/uploads\/2025\/02\/cropped-2-removebg-preview.png\",\"contentUrl\":\"https:\/\/koulhouse.com\/wp-content\/uploads\/2025\/02\/cropped-2-removebg-preview.png\",\"width\":500,\"height\":194,\"caption\":\"koulhouse.com\"},\"image\":{\"@id\":\"https:\/\/koulhouse.com\/#\/schema\/logo\/image\/\"}}]}<\/script>\n<!-- \/ Yoast SEO plugin. -->","yoast_head_json":{"title":"Pack KADDID - koulhouse.com","robots":{"index":"index","follow":"follow","max-snippet":"max-snippet:-1","max-image-preview":"max-image-preview:large","max-video-preview":"max-video-preview:-1"},"canonical":"https:\/\/koulhouse.com\/de\/product\/pack-kaddid\/","og_locale":"de_DE","og_type":"article","og_title":"Pack KADDID - koulhouse.com","og_description":"D\u00e9couvrez notre nouveau Pack Kaddid, une formule unique pour savourer le go\u00fbt de votre enfance \u2728\ufe0f Un Pack qui contient 3 plats : \u2714\ufe0f 1klg Karkouch : Le classique des tables tunisiennes \u2714\ufe0f 1klg Kaddid : Un v\u00e9ritable tr\u00e9sor de saveurs traditionnelles \u2714\ufe0f 1klg Merguez : Un vrai r\u00e9gal pour les amateurs de go\u00fbts relev\u00e9s. \ud83d\udc49 Le pack est \u00e0 47,99\u20ac au lieu 58 \u20ac \ud83d\udce6 Nous assurons la livraison rapide vers la France et l\u2019Allemagne \ud83c\udde8\ud83c\uddf5\ud83c\udde9\ud83c\uddea","og_url":"https:\/\/koulhouse.com\/de\/product\/pack-kaddid\/","og_site_name":"koulhouse.com","article_modified_time":"2026-04-24T11:06:03+00:00","og_image":[{"width":500,"height":500,"url":"https:\/\/koulhouse.com\/wp-content\/uploads\/2025\/07\/Pack_KADDID_700x700-removebg-preview.png","type":"image\/png"}],"twitter_card":"summary_large_image","twitter_misc":{"Gesch\u00e4tzte Lesezeit":"1\u00a0Minute"},"schema":{"@context":"https:\/\/schema.org","@graph":[{"@type":"WebPage","@id":"https:\/\/koulhouse.com\/product\/pack-kaddid\/","url":"https:\/\/koulhouse.com\/product\/pack-kaddid\/","name":"Pack KADDID - koulhouse.com","isPartOf":{"@id":"https:\/\/koulhouse.com\/#website"},"primaryImageOfPage":{"@id":"https:\/\/koulhouse.com\/product\/pack-kaddid\/#primaryimage"},"image":{"@id":"https:\/\/koulhouse.com\/product\/pack-kaddid\/#primaryimage"},"thumbnailUrl":"https:\/\/koulhouse.com\/wp-content\/uploads\/2025\/07\/Pack_KADDID_700x700-removebg-preview.png","datePublished":"2025-07-19T11:59:48+00:00","dateModified":"2026-04-24T11:06:03+00:00","breadcrumb":{"@id":"https:\/\/koulhouse.com\/product\/pack-kaddid\/#breadcrumb"},"inLanguage":"de","potentialAction":[{"@type":"ReadAction","target":["https:\/\/koulhouse.com\/product\/pack-kaddid\/"]}]},{"@type":"ImageObject","inLanguage":"de","@id":"https:\/\/koulhouse.com\/product\/pack-kaddid\/#primaryimage","url":"https:\/\/koulhouse.com\/wp-content\/uploads\/2025\/07\/Pack_KADDID_700x700-removebg-preview.png","contentUrl":"https:\/\/koulhouse.com\/wp-content\/uploads\/2025\/07\/Pack_KADDID_700x700-removebg-preview.png","width":500,"height":500},{"@type":"BreadcrumbList","@id":"https:\/\/koulhouse.com\/product\/pack-kaddid\/#breadcrumb","itemListElement":[{"@type":"ListItem","position":1,"name":"Accueil","item":"https:\/\/koulhouse.com\/"},{"@type":"ListItem","position":2,"name":"Shop","item":"https:\/\/koulhouse.com\/shop\/"},{"@type":"ListItem","position":3,"name":"Pack KADDID"}]},{"@type":"WebSite","@id":"https:\/\/koulhouse.com\/#website","url":"https:\/\/koulhouse.com\/","name":"koulhouse.com","description":"","publisher":{"@id":"https:\/\/koulhouse.com\/#organization"},"potentialAction":[{"@type":"SearchAction","target":{"@type":"EntryPoint","urlTemplate":"https:\/\/koulhouse.com\/?s={search_term_string}"},"query-input":{"@type":"PropertyValueSpecification","valueRequired":true,"valueName":"search_term_string"}}],"inLanguage":"de"},{"@type":"Organization","@id":"https:\/\/koulhouse.com\/#organization","name":"koulhouse.com","url":"https:\/\/koulhouse.com\/","logo":{"@type":"ImageObject","inLanguage":"de","@id":"https:\/\/koulhouse.com\/#\/schema\/logo\/image\/","url":"https:\/\/koulhouse.com\/wp-content\/uploads\/2025\/02\/cropped-2-removebg-preview.png","contentUrl":"https:\/\/koulhouse.com\/wp-content\/uploads\/2025\/02\/cropped-2-removebg-preview.png","width":500,"height":194,"caption":"koulhouse.com"},"image":{"@id":"https:\/\/koulhouse.com\/#\/schema\/logo\/image\/"}}]}},"_links":{"self":[{"href":"https:\/\/koulhouse.com\/de\/wp-json\/wp\/v2\/product\/1001","targetHints":{"allow":["GET"]}}],"collection":[{"href":"https:\/\/koulhouse.com\/de\/wp-json\/wp\/v2\/product"}],"about":[{"href":"https:\/\/koulhouse.com\/de\/wp-json\/wp\/v2\/types\/product"}],"replies":[{"embeddable":true,"href":"https:\/\/koulhouse.com\/de\/wp-json\/wp\/v2\/comments?post=1001"}],"wp:featuredmedia":[{"embeddable":true,"href":"https:\/\/koulhouse.com\/de\/wp-json\/wp\/v2\/media\/1007"}],"wp:attachment":[{"href":"https:\/\/koulhouse.com\/de\/wp-json\/wp\/v2\/media?parent=1001"}],"wp:term":[{"taxonomy":"product_brand","embeddable":true,"href":"https:\/\/koulhouse.com\/de\/wp-json\/wp\/v2\/product_brand?post=1001"},{"taxonomy":"product_cat","embeddable":true,"href":"https:\/\/koulhouse.com\/de\/wp-json\/wp\/v2\/product_cat?post=1001"},{"taxonomy":"product_tag","embeddable":true,"href":"https:\/\/koulhouse.com\/de\/wp-json\/wp\/v2\/product_tag?post=1001"}],"curies":[{"name":"wp","href":"https:\/\/api.w.org\/{rel}","templated":true}]}}