{"id":1205,"date":"2026-03-12T16:34:06","date_gmt":"2026-03-12T16:34:06","guid":{"rendered":"https:\/\/koulhouse.com\/?post_type=product&#038;p=1205"},"modified":"2026-03-23T09:57:04","modified_gmt":"2026-03-23T09:57:04","slug":"charmoula-400g","status":"publish","type":"product","link":"https:\/\/koulhouse.com\/de\/product\/charmoula-400g\/","title":{"rendered":"Charmoula 400G"},"content":{"rendered":"<p>L&rsquo;A\u00efd approche! Nous en profitons pour vous pr\u00e9senter une recette typiquement sfaxienne: la charmoula, une sauce sucr\u00e9e qui accompagne le poisson sal\u00e9 servi lors du premier repas de l&rsquo;A\u00efd el Fitr.<\/p>\n<p>&nbsp;<\/p>","protected":false},"excerpt":{"rendered":"<p>L&rsquo;A\u00efd approche! Nous en profitons pour vous pr\u00e9senter une recette typiquement sfaxienne: la charmoula, une sauce sucr\u00e9e qui accompagne le poisson sal\u00e9 servi lors du premier repas de l&rsquo;A\u00efd el Fitr.<\/p>\n<p>Ingr\u00e9dients: oignons, raisins secs, huile d&rsquo;olive, \u00e9pices (piment rouge, cumin, &#8230; )<\/p>\n<p>&nbsp;<\/p>","protected":false},"featured_media":1208,"comment_status":"open","ping_status":"closed","template":"","meta":{"site-sidebar-layout":"default","site-content-layout":"","ast-site-content-layout":"default","site-content-style":"default","site-sidebar-style":"default","ast-global-header-display":"","ast-banner-title-visibility":"","ast-main-header-display":"","ast-hfb-above-header-display":"","ast-hfb-below-header-display":"","ast-hfb-mobile-header-display":"","site-post-title":"","ast-breadcrumbs-content":"","ast-featured-img":"","footer-sml-layout":"","ast-disable-related-posts":"","theme-transparent-header-meta":"default","adv-header-id-meta":"","stick-header-meta":"","header-above-stick-meta":"","header-main-stick-meta":"","header-below-stick-meta":"","astra-migrate-meta-layouts":"set","ast-page-background-enabled":"default","ast-page-background-meta":{"desktop":{"background-color":"var(--ast-global-color-4)","background-image":"","background-repeat":"repeat","background-position":"center center","background-size":"auto","background-attachment":"scroll","background-type":"","background-media":"","overlay-type":"","overlay-color":"","overlay-opacity":"","overlay-gradient":""},"tablet":{"background-color":"","background-image":"","background-repeat":"repeat","background-position":"center center","background-size":"auto","background-attachment":"scroll","background-type":"","background-media":"","overlay-type":"","overlay-color":"","overlay-opacity":"","overlay-gradient":""},"mobile":{"background-color":"","background-image":"","background-repeat":"repeat","background-position":"center center","background-size":"auto","background-attachment":"scroll","background-type":"","background-media":"","overlay-type":"","overlay-color":"","overlay-opacity":"","overlay-gradient":""}},"ast-content-background-meta":{"desktop":{"background-color":"var(--ast-global-color-5)","background-image":"","background-repeat":"repeat","background-position":"center center","background-size":"auto","background-attachment":"scroll","background-type":"","background-media":"","overlay-type":"","overlay-color":"","overlay-opacity":"","overlay-gradient":""},"tablet":{"background-color":"var(--ast-global-color-5)","background-image":"","background-repeat":"repeat","background-position":"center center","background-size":"auto","background-attachment":"scroll","background-type":"","background-media":"","overlay-type":"","overlay-color":"","overlay-opacity":"","overlay-gradient":""},"mobile":{"background-color":"var(--ast-global-color-5)","background-image":"","background-repeat":"repeat","background-position":"center center","background-size":"auto","background-attachment":"scroll","background-type":"","background-media":"","overlay-type":"","overlay-color":"","overlay-opacity":"","overlay-gradient":""}}},"product_brand":[],"product_cat":[30,27],"product_tag":[],"class_list":{"0":"post-1205","1":"product","2":"type-product","3":"status-publish","4":"has-post-thumbnail","6":"product_cat-entrees","7":"product_cat-plats","8":"desktop-align-left","9":"tablet-align-left","10":"mobile-align-left","12":"first","13":"instock","14":"taxable","15":"shipping-taxable","16":"purchasable","17":"product-type-simple"},"yoast_head":"<!-- This site is optimized with the Yoast SEO plugin v25.4 - https:\/\/yoast.com\/wordpress\/plugins\/seo\/ -->\n<title>Charmoula 400G - koulhouse.com<\/title>\n<meta name=\"robots\" content=\"index, follow, max-snippet:-1, max-image-preview:large, max-video-preview:-1\" \/>\n<link rel=\"canonical\" href=\"https:\/\/koulhouse.com\/de\/product\/charmoula-400g\/\" \/>\n<meta property=\"og:locale\" content=\"de_DE\" \/>\n<meta property=\"og:type\" content=\"article\" \/>\n<meta property=\"og:title\" content=\"Charmoula 400G - koulhouse.com\" \/>\n<meta property=\"og:description\" content=\"L&#039;A\u00efd approche! Nous en profitons pour vous pr\u00e9senter une recette typiquement sfaxienne: la charmoula, une sauce sucr\u00e9e qui accompagne le poisson sal\u00e9 servi lors du premier repas de l&#039;A\u00efd el Fitr.  Ingr\u00e9dients: oignons, raisins secs, huile d&#039;olive, \u00e9pices (piment rouge, cumin, ... )  &nbsp;\" \/>\n<meta property=\"og:url\" content=\"https:\/\/koulhouse.com\/de\/product\/charmoula-400g\/\" \/>\n<meta property=\"og:site_name\" content=\"koulhouse.com\" \/>\n<meta property=\"article:modified_time\" content=\"2026-03-23T09:57:04+00:00\" \/>\n<meta property=\"og:image\" content=\"https:\/\/koulhouse.com\/wp-content\/uploads\/2026\/03\/dedb641e-0da1-4773-a70a-c140dd4423fc.jpg\" \/>\n\t<meta property=\"og:image:width\" content=\"1280\" \/>\n\t<meta property=\"og:image:height\" content=\"1186\" \/>\n\t<meta property=\"og:image:type\" content=\"image\/jpeg\" \/>\n<meta name=\"twitter:card\" content=\"summary_large_image\" \/>\n<meta name=\"twitter:label1\" content=\"Gesch\u00e4tzte Lesezeit\" \/>\n\t<meta name=\"twitter:data1\" content=\"1\u00a0Minute\" \/>\n<script type=\"application\/ld+json\" class=\"yoast-schema-graph\">{\"@context\":\"https:\/\/schema.org\",\"@graph\":[{\"@type\":\"WebPage\",\"@id\":\"https:\/\/koulhouse.com\/product\/charmoula-400g\/\",\"url\":\"https:\/\/koulhouse.com\/product\/charmoula-400g\/\",\"name\":\"Charmoula 400G - koulhouse.com\",\"isPartOf\":{\"@id\":\"https:\/\/koulhouse.com\/#website\"},\"primaryImageOfPage\":{\"@id\":\"https:\/\/koulhouse.com\/product\/charmoula-400g\/#primaryimage\"},\"image\":{\"@id\":\"https:\/\/koulhouse.com\/product\/charmoula-400g\/#primaryimage\"},\"thumbnailUrl\":\"https:\/\/koulhouse.com\/wp-content\/uploads\/2026\/03\/dedb641e-0da1-4773-a70a-c140dd4423fc.jpg\",\"datePublished\":\"2026-03-12T16:34:06+00:00\",\"dateModified\":\"2026-03-23T09:57:04+00:00\",\"breadcrumb\":{\"@id\":\"https:\/\/koulhouse.com\/product\/charmoula-400g\/#breadcrumb\"},\"inLanguage\":\"de\",\"potentialAction\":[{\"@type\":\"ReadAction\",\"target\":[\"https:\/\/koulhouse.com\/product\/charmoula-400g\/\"]}]},{\"@type\":\"ImageObject\",\"inLanguage\":\"de\",\"@id\":\"https:\/\/koulhouse.com\/product\/charmoula-400g\/#primaryimage\",\"url\":\"https:\/\/koulhouse.com\/wp-content\/uploads\/2026\/03\/dedb641e-0da1-4773-a70a-c140dd4423fc.jpg\",\"contentUrl\":\"https:\/\/koulhouse.com\/wp-content\/uploads\/2026\/03\/dedb641e-0da1-4773-a70a-c140dd4423fc.jpg\",\"width\":1280,\"height\":1186},{\"@type\":\"BreadcrumbList\",\"@id\":\"https:\/\/koulhouse.com\/product\/charmoula-400g\/#breadcrumb\",\"itemListElement\":[{\"@type\":\"ListItem\",\"position\":1,\"name\":\"Accueil\",\"item\":\"https:\/\/koulhouse.com\/\"},{\"@type\":\"ListItem\",\"position\":2,\"name\":\"Shop\",\"item\":\"https:\/\/koulhouse.com\/shop\/\"},{\"@type\":\"ListItem\",\"position\":3,\"name\":\"Charmoula 400G\"}]},{\"@type\":\"WebSite\",\"@id\":\"https:\/\/koulhouse.com\/#website\",\"url\":\"https:\/\/koulhouse.com\/\",\"name\":\"koulhouse.com\",\"description\":\"\",\"publisher\":{\"@id\":\"https:\/\/koulhouse.com\/#organization\"},\"potentialAction\":[{\"@type\":\"SearchAction\",\"target\":{\"@type\":\"EntryPoint\",\"urlTemplate\":\"https:\/\/koulhouse.com\/?s={search_term_string}\"},\"query-input\":{\"@type\":\"PropertyValueSpecification\",\"valueRequired\":true,\"valueName\":\"search_term_string\"}}],\"inLanguage\":\"de\"},{\"@type\":\"Organization\",\"@id\":\"https:\/\/koulhouse.com\/#organization\",\"name\":\"koulhouse.com\",\"url\":\"https:\/\/koulhouse.com\/\",\"logo\":{\"@type\":\"ImageObject\",\"inLanguage\":\"de\",\"@id\":\"https:\/\/koulhouse.com\/#\/schema\/logo\/image\/\",\"url\":\"https:\/\/koulhouse.com\/wp-content\/uploads\/2025\/02\/cropped-2-removebg-preview.png\",\"contentUrl\":\"https:\/\/koulhouse.com\/wp-content\/uploads\/2025\/02\/cropped-2-removebg-preview.png\",\"width\":500,\"height\":194,\"caption\":\"koulhouse.com\"},\"image\":{\"@id\":\"https:\/\/koulhouse.com\/#\/schema\/logo\/image\/\"}}]}<\/script>\n<!-- \/ Yoast SEO plugin. -->","yoast_head_json":{"title":"Charmoula 400G - koulhouse.com","robots":{"index":"index","follow":"follow","max-snippet":"max-snippet:-1","max-image-preview":"max-image-preview:large","max-video-preview":"max-video-preview:-1"},"canonical":"https:\/\/koulhouse.com\/de\/product\/charmoula-400g\/","og_locale":"de_DE","og_type":"article","og_title":"Charmoula 400G - koulhouse.com","og_description":"L'A\u00efd approche! Nous en profitons pour vous pr\u00e9senter une recette typiquement sfaxienne: la charmoula, une sauce sucr\u00e9e qui accompagne le poisson sal\u00e9 servi lors du premier repas de l'A\u00efd el Fitr.  Ingr\u00e9dients: oignons, raisins secs, huile d'olive, \u00e9pices (piment rouge, cumin, ... )  &nbsp;","og_url":"https:\/\/koulhouse.com\/de\/product\/charmoula-400g\/","og_site_name":"koulhouse.com","article_modified_time":"2026-03-23T09:57:04+00:00","og_image":[{"width":1280,"height":1186,"url":"https:\/\/koulhouse.com\/wp-content\/uploads\/2026\/03\/dedb641e-0da1-4773-a70a-c140dd4423fc.jpg","type":"image\/jpeg"}],"twitter_card":"summary_large_image","twitter_misc":{"Gesch\u00e4tzte Lesezeit":"1\u00a0Minute"},"schema":{"@context":"https:\/\/schema.org","@graph":[{"@type":"WebPage","@id":"https:\/\/koulhouse.com\/product\/charmoula-400g\/","url":"https:\/\/koulhouse.com\/product\/charmoula-400g\/","name":"Charmoula 400G - koulhouse.com","isPartOf":{"@id":"https:\/\/koulhouse.com\/#website"},"primaryImageOfPage":{"@id":"https:\/\/koulhouse.com\/product\/charmoula-400g\/#primaryimage"},"image":{"@id":"https:\/\/koulhouse.com\/product\/charmoula-400g\/#primaryimage"},"thumbnailUrl":"https:\/\/koulhouse.com\/wp-content\/uploads\/2026\/03\/dedb641e-0da1-4773-a70a-c140dd4423fc.jpg","datePublished":"2026-03-12T16:34:06+00:00","dateModified":"2026-03-23T09:57:04+00:00","breadcrumb":{"@id":"https:\/\/koulhouse.com\/product\/charmoula-400g\/#breadcrumb"},"inLanguage":"de","potentialAction":[{"@type":"ReadAction","target":["https:\/\/koulhouse.com\/product\/charmoula-400g\/"]}]},{"@type":"ImageObject","inLanguage":"de","@id":"https:\/\/koulhouse.com\/product\/charmoula-400g\/#primaryimage","url":"https:\/\/koulhouse.com\/wp-content\/uploads\/2026\/03\/dedb641e-0da1-4773-a70a-c140dd4423fc.jpg","contentUrl":"https:\/\/koulhouse.com\/wp-content\/uploads\/2026\/03\/dedb641e-0da1-4773-a70a-c140dd4423fc.jpg","width":1280,"height":1186},{"@type":"BreadcrumbList","@id":"https:\/\/koulhouse.com\/product\/charmoula-400g\/#breadcrumb","itemListElement":[{"@type":"ListItem","position":1,"name":"Accueil","item":"https:\/\/koulhouse.com\/"},{"@type":"ListItem","position":2,"name":"Shop","item":"https:\/\/koulhouse.com\/shop\/"},{"@type":"ListItem","position":3,"name":"Charmoula 400G"}]},{"@type":"WebSite","@id":"https:\/\/koulhouse.com\/#website","url":"https:\/\/koulhouse.com\/","name":"koulhouse.com","description":"","publisher":{"@id":"https:\/\/koulhouse.com\/#organization"},"potentialAction":[{"@type":"SearchAction","target":{"@type":"EntryPoint","urlTemplate":"https:\/\/koulhouse.com\/?s={search_term_string}"},"query-input":{"@type":"PropertyValueSpecification","valueRequired":true,"valueName":"search_term_string"}}],"inLanguage":"de"},{"@type":"Organization","@id":"https:\/\/koulhouse.com\/#organization","name":"koulhouse.com","url":"https:\/\/koulhouse.com\/","logo":{"@type":"ImageObject","inLanguage":"de","@id":"https:\/\/koulhouse.com\/#\/schema\/logo\/image\/","url":"https:\/\/koulhouse.com\/wp-content\/uploads\/2025\/02\/cropped-2-removebg-preview.png","contentUrl":"https:\/\/koulhouse.com\/wp-content\/uploads\/2025\/02\/cropped-2-removebg-preview.png","width":500,"height":194,"caption":"koulhouse.com"},"image":{"@id":"https:\/\/koulhouse.com\/#\/schema\/logo\/image\/"}}]}},"_links":{"self":[{"href":"https:\/\/koulhouse.com\/de\/wp-json\/wp\/v2\/product\/1205","targetHints":{"allow":["GET"]}}],"collection":[{"href":"https:\/\/koulhouse.com\/de\/wp-json\/wp\/v2\/product"}],"about":[{"href":"https:\/\/koulhouse.com\/de\/wp-json\/wp\/v2\/types\/product"}],"replies":[{"embeddable":true,"href":"https:\/\/koulhouse.com\/de\/wp-json\/wp\/v2\/comments?post=1205"}],"wp:featuredmedia":[{"embeddable":true,"href":"https:\/\/koulhouse.com\/de\/wp-json\/wp\/v2\/media\/1208"}],"wp:attachment":[{"href":"https:\/\/koulhouse.com\/de\/wp-json\/wp\/v2\/media?parent=1205"}],"wp:term":[{"taxonomy":"product_brand","embeddable":true,"href":"https:\/\/koulhouse.com\/de\/wp-json\/wp\/v2\/product_brand?post=1205"},{"taxonomy":"product_cat","embeddable":true,"href":"https:\/\/koulhouse.com\/de\/wp-json\/wp\/v2\/product_cat?post=1205"},{"taxonomy":"product_tag","embeddable":true,"href":"https:\/\/koulhouse.com\/de\/wp-json\/wp\/v2\/product_tag?post=1205"}],"curies":[{"name":"wp","href":"https:\/\/api.w.org\/{rel}","templated":true}]}}