{"id":874,"date":"2025-06-03T17:03:07","date_gmt":"2025-06-03T17:03:07","guid":{"rendered":"https:\/\/koulhouse.com\/?post_type=product&#038;p=874"},"modified":"2026-03-12T14:17:00","modified_gmt":"2026-03-12T14:17:00","slug":"pack-aid","status":"publish","type":"product","link":"https:\/\/koulhouse.com\/de\/product\/pack-aid\/","title":{"rendered":"Pack A\u00efd"},"content":{"rendered":"<p>1 bo\u00eete Kleya B\u0153uf (1klg)<br \/>\n1 bo\u00eete Habra Kaddid (1klg)<br \/>\n1 bo\u00eete Salade Mechwiya (500g)<\/p>","protected":false},"excerpt":{"rendered":"<p>1 bo\u00eete Kleya B\u0153uf (1klg) 1 bo\u00eete Habra Kaddid (1klg) 1 bo\u00eete Salade Mechwiya (500g)<\/p>","protected":false},"featured_media":876,"comment_status":"open","ping_status":"closed","template":"","meta":{"site-sidebar-layout":"default","site-content-layout":"","ast-site-content-layout":"default","site-content-style":"default","site-sidebar-style":"default","ast-global-header-display":"","ast-banner-title-visibility":"","ast-main-header-display":"","ast-hfb-above-header-display":"","ast-hfb-below-header-display":"","ast-hfb-mobile-header-display":"","site-post-title":"","ast-breadcrumbs-content":"","ast-featured-img":"","footer-sml-layout":"","ast-disable-related-posts":"","theme-transparent-header-meta":"default","adv-header-id-meta":"","stick-header-meta":"","header-above-stick-meta":"","header-main-stick-meta":"","header-below-stick-meta":"","astra-migrate-meta-layouts":"set","ast-page-background-enabled":"default","ast-page-background-meta":{"desktop":{"background-color":"var(--ast-global-color-4)","background-image":"","background-repeat":"repeat","background-position":"center center","background-size":"auto","background-attachment":"scroll","background-type":"","background-media":"","overlay-type":"","overlay-color":"","overlay-opacity":"","overlay-gradient":""},"tablet":{"background-color":"","background-image":"","background-repeat":"repeat","background-position":"center center","background-size":"auto","background-attachment":"scroll","background-type":"","background-media":"","overlay-type":"","overlay-color":"","overlay-opacity":"","overlay-gradient":""},"mobile":{"background-color":"","background-image":"","background-repeat":"repeat","background-position":"center center","background-size":"auto","background-attachment":"scroll","background-type":"","background-media":"","overlay-type":"","overlay-color":"","overlay-opacity":"","overlay-gradient":""}},"ast-content-background-meta":{"desktop":{"background-color":"var(--ast-global-color-5)","background-image":"","background-repeat":"repeat","background-position":"center center","background-size":"auto","background-attachment":"scroll","background-type":"","background-media":"","overlay-type":"","overlay-color":"","overlay-opacity":"","overlay-gradient":""},"tablet":{"background-color":"var(--ast-global-color-5)","background-image":"","background-repeat":"repeat","background-position":"center center","background-size":"auto","background-attachment":"scroll","background-type":"","background-media":"","overlay-type":"","overlay-color":"","overlay-opacity":"","overlay-gradient":""},"mobile":{"background-color":"var(--ast-global-color-5)","background-image":"","background-repeat":"repeat","background-position":"center center","background-size":"auto","background-attachment":"scroll","background-type":"","background-media":"","overlay-type":"","overlay-color":"","overlay-opacity":"","overlay-gradient":""}}},"product_brand":[],"product_cat":[25],"product_tag":[],"class_list":{"0":"post-874","1":"product","2":"type-product","3":"status-publish","4":"has-post-thumbnail","6":"product_cat-packs","7":"desktop-align-left","8":"tablet-align-left","9":"mobile-align-left","11":"first","12":"outofstock","13":"sale","14":"taxable","15":"shipping-taxable","16":"purchasable","17":"product-type-simple"},"yoast_head":"<!-- This site is optimized with the Yoast SEO plugin v25.4 - https:\/\/yoast.com\/wordpress\/plugins\/seo\/ -->\n<title>Pack A\u00efd - koulhouse.com<\/title>\n<meta name=\"robots\" content=\"index, follow, max-snippet:-1, max-image-preview:large, max-video-preview:-1\" \/>\n<link rel=\"canonical\" href=\"https:\/\/koulhouse.com\/de\/product\/pack-aid\/\" \/>\n<meta property=\"og:locale\" content=\"de_DE\" \/>\n<meta property=\"og:type\" content=\"article\" \/>\n<meta property=\"og:title\" content=\"Pack A\u00efd - koulhouse.com\" \/>\n<meta property=\"og:description\" content=\"1 bo\u00eete Kleya B\u0153uf (1klg) 1 bo\u00eete Habra Kaddid (1klg) 1 bo\u00eete Salade Mechwiya (500g)\" \/>\n<meta property=\"og:url\" content=\"https:\/\/koulhouse.com\/de\/product\/pack-aid\/\" \/>\n<meta property=\"og:site_name\" content=\"koulhouse.com\" \/>\n<meta property=\"article:modified_time\" content=\"2026-03-12T14:17:00+00:00\" \/>\n<meta property=\"og:image\" content=\"https:\/\/koulhouse.com\/wp-content\/uploads\/2025\/06\/WhatsApp_Image_2025-06-03_at_5.49.51_PM-removebg-preview.png\" \/>\n\t<meta property=\"og:image:width\" content=\"612\" \/>\n\t<meta property=\"og:image:height\" content=\"408\" \/>\n\t<meta property=\"og:image:type\" content=\"image\/png\" \/>\n<meta name=\"twitter:card\" content=\"summary_large_image\" \/>\n<meta name=\"twitter:label1\" content=\"Gesch\u00e4tzte Lesezeit\" \/>\n\t<meta name=\"twitter:data1\" content=\"1\u00a0Minute\" \/>\n<script type=\"application\/ld+json\" class=\"yoast-schema-graph\">{\"@context\":\"https:\/\/schema.org\",\"@graph\":[{\"@type\":\"WebPage\",\"@id\":\"https:\/\/koulhouse.com\/product\/pack-aid\/\",\"url\":\"https:\/\/koulhouse.com\/product\/pack-aid\/\",\"name\":\"Pack A\u00efd - koulhouse.com\",\"isPartOf\":{\"@id\":\"https:\/\/koulhouse.com\/#website\"},\"primaryImageOfPage\":{\"@id\":\"https:\/\/koulhouse.com\/product\/pack-aid\/#primaryimage\"},\"image\":{\"@id\":\"https:\/\/koulhouse.com\/product\/pack-aid\/#primaryimage\"},\"thumbnailUrl\":\"https:\/\/koulhouse.com\/wp-content\/uploads\/2025\/06\/WhatsApp_Image_2025-06-03_at_5.49.51_PM-removebg-preview.png\",\"datePublished\":\"2025-06-03T17:03:07+00:00\",\"dateModified\":\"2026-03-12T14:17:00+00:00\",\"breadcrumb\":{\"@id\":\"https:\/\/koulhouse.com\/product\/pack-aid\/#breadcrumb\"},\"inLanguage\":\"de\",\"potentialAction\":[{\"@type\":\"ReadAction\",\"target\":[\"https:\/\/koulhouse.com\/product\/pack-aid\/\"]}]},{\"@type\":\"ImageObject\",\"inLanguage\":\"de\",\"@id\":\"https:\/\/koulhouse.com\/product\/pack-aid\/#primaryimage\",\"url\":\"https:\/\/koulhouse.com\/wp-content\/uploads\/2025\/06\/WhatsApp_Image_2025-06-03_at_5.49.51_PM-removebg-preview.png\",\"contentUrl\":\"https:\/\/koulhouse.com\/wp-content\/uploads\/2025\/06\/WhatsApp_Image_2025-06-03_at_5.49.51_PM-removebg-preview.png\",\"width\":612,\"height\":408},{\"@type\":\"BreadcrumbList\",\"@id\":\"https:\/\/koulhouse.com\/product\/pack-aid\/#breadcrumb\",\"itemListElement\":[{\"@type\":\"ListItem\",\"position\":1,\"name\":\"Accueil\",\"item\":\"https:\/\/koulhouse.com\/\"},{\"@type\":\"ListItem\",\"position\":2,\"name\":\"Shop\",\"item\":\"https:\/\/koulhouse.com\/shop\/\"},{\"@type\":\"ListItem\",\"position\":3,\"name\":\"Pack A\u00efd\"}]},{\"@type\":\"WebSite\",\"@id\":\"https:\/\/koulhouse.com\/#website\",\"url\":\"https:\/\/koulhouse.com\/\",\"name\":\"koulhouse.com\",\"description\":\"\",\"publisher\":{\"@id\":\"https:\/\/koulhouse.com\/#organization\"},\"potentialAction\":[{\"@type\":\"SearchAction\",\"target\":{\"@type\":\"EntryPoint\",\"urlTemplate\":\"https:\/\/koulhouse.com\/?s={search_term_string}\"},\"query-input\":{\"@type\":\"PropertyValueSpecification\",\"valueRequired\":true,\"valueName\":\"search_term_string\"}}],\"inLanguage\":\"de\"},{\"@type\":\"Organization\",\"@id\":\"https:\/\/koulhouse.com\/#organization\",\"name\":\"koulhouse.com\",\"url\":\"https:\/\/koulhouse.com\/\",\"logo\":{\"@type\":\"ImageObject\",\"inLanguage\":\"de\",\"@id\":\"https:\/\/koulhouse.com\/#\/schema\/logo\/image\/\",\"url\":\"https:\/\/koulhouse.com\/wp-content\/uploads\/2025\/02\/cropped-2-removebg-preview.png\",\"contentUrl\":\"https:\/\/koulhouse.com\/wp-content\/uploads\/2025\/02\/cropped-2-removebg-preview.png\",\"width\":500,\"height\":194,\"caption\":\"koulhouse.com\"},\"image\":{\"@id\":\"https:\/\/koulhouse.com\/#\/schema\/logo\/image\/\"}}]}<\/script>\n<!-- \/ Yoast SEO plugin. -->","yoast_head_json":{"title":"Pack A\u00efd - koulhouse.com","robots":{"index":"index","follow":"follow","max-snippet":"max-snippet:-1","max-image-preview":"max-image-preview:large","max-video-preview":"max-video-preview:-1"},"canonical":"https:\/\/koulhouse.com\/de\/product\/pack-aid\/","og_locale":"de_DE","og_type":"article","og_title":"Pack A\u00efd - koulhouse.com","og_description":"1 bo\u00eete Kleya B\u0153uf (1klg) 1 bo\u00eete Habra Kaddid (1klg) 1 bo\u00eete Salade Mechwiya (500g)","og_url":"https:\/\/koulhouse.com\/de\/product\/pack-aid\/","og_site_name":"koulhouse.com","article_modified_time":"2026-03-12T14:17:00+00:00","og_image":[{"width":612,"height":408,"url":"https:\/\/koulhouse.com\/wp-content\/uploads\/2025\/06\/WhatsApp_Image_2025-06-03_at_5.49.51_PM-removebg-preview.png","type":"image\/png"}],"twitter_card":"summary_large_image","twitter_misc":{"Gesch\u00e4tzte Lesezeit":"1\u00a0Minute"},"schema":{"@context":"https:\/\/schema.org","@graph":[{"@type":"WebPage","@id":"https:\/\/koulhouse.com\/product\/pack-aid\/","url":"https:\/\/koulhouse.com\/product\/pack-aid\/","name":"Pack A\u00efd - koulhouse.com","isPartOf":{"@id":"https:\/\/koulhouse.com\/#website"},"primaryImageOfPage":{"@id":"https:\/\/koulhouse.com\/product\/pack-aid\/#primaryimage"},"image":{"@id":"https:\/\/koulhouse.com\/product\/pack-aid\/#primaryimage"},"thumbnailUrl":"https:\/\/koulhouse.com\/wp-content\/uploads\/2025\/06\/WhatsApp_Image_2025-06-03_at_5.49.51_PM-removebg-preview.png","datePublished":"2025-06-03T17:03:07+00:00","dateModified":"2026-03-12T14:17:00+00:00","breadcrumb":{"@id":"https:\/\/koulhouse.com\/product\/pack-aid\/#breadcrumb"},"inLanguage":"de","potentialAction":[{"@type":"ReadAction","target":["https:\/\/koulhouse.com\/product\/pack-aid\/"]}]},{"@type":"ImageObject","inLanguage":"de","@id":"https:\/\/koulhouse.com\/product\/pack-aid\/#primaryimage","url":"https:\/\/koulhouse.com\/wp-content\/uploads\/2025\/06\/WhatsApp_Image_2025-06-03_at_5.49.51_PM-removebg-preview.png","contentUrl":"https:\/\/koulhouse.com\/wp-content\/uploads\/2025\/06\/WhatsApp_Image_2025-06-03_at_5.49.51_PM-removebg-preview.png","width":612,"height":408},{"@type":"BreadcrumbList","@id":"https:\/\/koulhouse.com\/product\/pack-aid\/#breadcrumb","itemListElement":[{"@type":"ListItem","position":1,"name":"Accueil","item":"https:\/\/koulhouse.com\/"},{"@type":"ListItem","position":2,"name":"Shop","item":"https:\/\/koulhouse.com\/shop\/"},{"@type":"ListItem","position":3,"name":"Pack A\u00efd"}]},{"@type":"WebSite","@id":"https:\/\/koulhouse.com\/#website","url":"https:\/\/koulhouse.com\/","name":"koulhouse.com","description":"","publisher":{"@id":"https:\/\/koulhouse.com\/#organization"},"potentialAction":[{"@type":"SearchAction","target":{"@type":"EntryPoint","urlTemplate":"https:\/\/koulhouse.com\/?s={search_term_string}"},"query-input":{"@type":"PropertyValueSpecification","valueRequired":true,"valueName":"search_term_string"}}],"inLanguage":"de"},{"@type":"Organization","@id":"https:\/\/koulhouse.com\/#organization","name":"koulhouse.com","url":"https:\/\/koulhouse.com\/","logo":{"@type":"ImageObject","inLanguage":"de","@id":"https:\/\/koulhouse.com\/#\/schema\/logo\/image\/","url":"https:\/\/koulhouse.com\/wp-content\/uploads\/2025\/02\/cropped-2-removebg-preview.png","contentUrl":"https:\/\/koulhouse.com\/wp-content\/uploads\/2025\/02\/cropped-2-removebg-preview.png","width":500,"height":194,"caption":"koulhouse.com"},"image":{"@id":"https:\/\/koulhouse.com\/#\/schema\/logo\/image\/"}}]}},"_links":{"self":[{"href":"https:\/\/koulhouse.com\/de\/wp-json\/wp\/v2\/product\/874","targetHints":{"allow":["GET"]}}],"collection":[{"href":"https:\/\/koulhouse.com\/de\/wp-json\/wp\/v2\/product"}],"about":[{"href":"https:\/\/koulhouse.com\/de\/wp-json\/wp\/v2\/types\/product"}],"replies":[{"embeddable":true,"href":"https:\/\/koulhouse.com\/de\/wp-json\/wp\/v2\/comments?post=874"}],"wp:featuredmedia":[{"embeddable":true,"href":"https:\/\/koulhouse.com\/de\/wp-json\/wp\/v2\/media\/876"}],"wp:attachment":[{"href":"https:\/\/koulhouse.com\/de\/wp-json\/wp\/v2\/media?parent=874"}],"wp:term":[{"taxonomy":"product_brand","embeddable":true,"href":"https:\/\/koulhouse.com\/de\/wp-json\/wp\/v2\/product_brand?post=874"},{"taxonomy":"product_cat","embeddable":true,"href":"https:\/\/koulhouse.com\/de\/wp-json\/wp\/v2\/product_cat?post=874"},{"taxonomy":"product_tag","embeddable":true,"href":"https:\/\/koulhouse.com\/de\/wp-json\/wp\/v2\/product_tag?post=874"}],"curies":[{"name":"wp","href":"https:\/\/api.w.org\/{rel}","templated":true}]}}